{"id":176,"date":"2022-06-14T21:19:33","date_gmt":"2022-06-14T21:19:33","guid":{"rendered":"https:\/\/willclima.cl\/?post_type=product&#038;p=176"},"modified":"2022-06-14T21:21:06","modified_gmt":"2022-06-14T21:21:06","slug":"unidad-interior-tipo-multisplit-piso-cielo-12-000-btuh-r410a","status":"publish","type":"product","link":"https:\/\/willclima.cl\/index.php\/producto\/unidad-interior-tipo-multisplit-piso-cielo-12-000-btuh-r410a\/","title":{"rendered":"Aire acondicionado Multisplit Tipo Piso Cielo12.000 BTUH R410A"},"content":{"rendered":"","protected":false},"excerpt":{"rendered":"<style>\n.btnA{background-color: black; padding-top: 20px; padding-bottom: 20px; padding-left: 40px; padding-right: 40px; color: white; text-decoration: none; transition: 0.5s; margin: 50px; margin-top: 50px;}\n.btnA:hover{background-color: #9D9D9D;color: black;transition: 0.5s;border: #9D9D9D 1px solid;}<\/style>\n<form action=\"https:\/\/www.anwo.cl\/files\/prd_producto\/50901\/Original%20Ficha%20Free%20Match%202021.pdf\"><button class=\"btnA\" type=\"submit\">Ficha de producto<\/button><\/form>\n<style>.TitleOne{Color: black; font-size: 35px;} .SubTitle{color: #565656; font-size: 18px;}<\/style>\n<div style=\"width: 500px; padding: 3px;\">\n<div class=\"divUno\">\n<p class=\"TitleOne\">Caracter\u00edsticas<\/p>\n<p class=\"SubTitle\">Unidad Evaporadora de presentaci\u00f3n Piso Cielo, Capacidad de Fr\u00edo 12000 BTUH del Tipo INVERTER. Alimentaci\u00f3n Monof\u00e1sica 220V\/50HZ.  Incluye Kit de Ca\u00f1er\u00eda de 4 mt. y controles remoto Inal\u00e1mbrico y al\u00e1mbrico.<\/p>\n<\/div>\n<div class=\"divDos\">\n<p class=\"TitleOne\">Especificaciones<\/p>\n<p><img decoding=\"async\" src=\"https:\/\/willclima.cl\/wp-content\/uploads\/2022\/06\/descarga.png\" alt=\"imagenref\"><br \/>\nNotas sobre Especificaciones T\u00e9cnicas.<br \/>\n* Caudal de Aire a Velocidades SH: Super Ata, H: Alta, M: Media,\u00a0 L: Baja<br \/>\n* Niveles de Ruido a Velocidades SH: Super Alta, H: Alta, M: Media y L: Baja<br \/>\n* Dimensiones L: Largo, W: Fondo, H: Alto<\/p>\n<\/div>\n<\/div>\n","protected":false},"featured_media":184,"comment_status":"open","ping_status":"closed","template":"","meta":{"site-sidebar-layout":"default","site-content-layout":"default","ast-global-header-display":"","ast-main-header-display":"","ast-hfb-above-header-display":"","ast-hfb-below-header-display":"","ast-hfb-mobile-header-display":"","site-post-title":"","ast-breadcrumbs-content":"","ast-featured-img":"","footer-sml-layout":"","theme-transparent-header-meta":"default","adv-header-id-meta":"","stick-header-meta":"","header-above-stick-meta":"","header-main-stick-meta":"","header-below-stick-meta":""},"product_brand":[],"product_cat":[24],"product_tag":[],"class_list":{"0":"post-176","1":"product","2":"type-product","3":"status-publish","4":"has-post-thumbnail","6":"product_cat-multisplit-piso-cielo","7":"desktop-align-left","8":"tablet-align-left","9":"mobile-align-left","11":"first","12":"instock","13":"shipping-taxable","14":"product-type-simple"},"_links":{"self":[{"href":"https:\/\/willclima.cl\/index.php\/wp-json\/wp\/v2\/product\/176","targetHints":{"allow":["GET"]}}],"collection":[{"href":"https:\/\/willclima.cl\/index.php\/wp-json\/wp\/v2\/product"}],"about":[{"href":"https:\/\/willclima.cl\/index.php\/wp-json\/wp\/v2\/types\/product"}],"replies":[{"embeddable":true,"href":"https:\/\/willclima.cl\/index.php\/wp-json\/wp\/v2\/comments?post=176"}],"wp:featuredmedia":[{"embeddable":true,"href":"https:\/\/willclima.cl\/index.php\/wp-json\/wp\/v2\/media\/184"}],"wp:attachment":[{"href":"https:\/\/willclima.cl\/index.php\/wp-json\/wp\/v2\/media?parent=176"}],"wp:term":[{"taxonomy":"product_brand","embeddable":true,"href":"https:\/\/willclima.cl\/index.php\/wp-json\/wp\/v2\/product_brand?post=176"},{"taxonomy":"product_cat","embeddable":true,"href":"https:\/\/willclima.cl\/index.php\/wp-json\/wp\/v2\/product_cat?post=176"},{"taxonomy":"product_tag","embeddable":true,"href":"https:\/\/willclima.cl\/index.php\/wp-json\/wp\/v2\/product_tag?post=176"}],"curies":[{"name":"wp","href":"https:\/\/api.w.org\/{rel}","templated":true}]}}