{"id":206,"date":"2022-06-14T23:40:01","date_gmt":"2022-06-14T23:40:01","guid":{"rendered":"https:\/\/willclima.cl\/?post_type=product&#038;p=206"},"modified":"2022-12-20T15:25:48","modified_gmt":"2022-12-20T15:25:48","slug":"aire-acondicionado-18-000-btuh-muro-virus-protect-inverter-b-calor-r410a","status":"publish","type":"product","link":"https:\/\/willclima.cl\/index.php\/producto\/aire-acondicionado-18-000-btuh-muro-virus-protect-inverter-b-calor-r410a\/","title":{"rendered":"Aire Acondicionado 24.000 BTUH MURO VIRUS PROTECT INVERTER B\/CALOR R410A"},"content":{"rendered":"","protected":false},"excerpt":{"rendered":"<style>\n.btnA{background-color: black; padding-top: 20px; padding-bottom: 20px; padding-left: 40px; padding-right: 40px; color: white; text-decoration: none; transition: 0.5s; margin: 50px; margin-top: 50px;}<br \/>.btnA:hover{background-color: #9D9D9D;color: black;transition: 0.5s;border: #9D9D9D 1px solid;}<\/style>\n<form action=\"https:\/\/www.anwo.cl\/files\/prd_producto\/50818\/Ficha%20AA%20Split%20muro%20Virus%20Protect.pdf\"><button class=\"btnA\" type=\"submit\">Ficha de producto<\/button><\/form>\n<style>.TitleOne{Color: black; font-size: 35px;} .SubTitle{color: #565656; font-size: 18px;}<\/style>\n<div style=\"width: 500px; padding: 3px;\">\n<div class=\"divUno\">\n<div class=\"divUno\">\n<p class=\"TitleOne\">Caracter\u00edsticas<\/p>\n<ul>\n<li>Blue Fin: Es un recubrimiento al intercambiador de la unidad condensadora, que evita la corrosi\u00f3n, en ambientes h\u00famedos y salinos (ambientes m\u00e1s agresivos de lo normal)<\/li>\n<li>Funci\u00f3n de Autodiagn\u00f3stico: Monitoreo constante de la unidad. En caso de falla, detiene y protege el sistema autom\u00e1ticamente. El c\u00f3digo de protecci\u00f3n o falla es mostrado en el visor de la unidad exterior.<\/li>\n<li>Reinicio Autom\u00e1tico: En caso de corte de energ\u00eda el\u00e9ctrica, el equipo vuelve a operar en la \u00faltima posici\u00f3n solicitada por el usuario.<\/li>\n<li>Su tecnolog\u00eda permite capturar material particulado PM2.5, encapsular virus y bacterias.<\/li>\n<li>Protecci\u00f3n &#8220;Blue Fin&#8221; para unidad interior y exterior.<\/li>\n<\/ul>\n<p>&#8212;&#8211;\u00a0 \u00a0 \u00a0Ventajas del sistema Inverter\u00a0 \u00a0 \u00a0&#8212;&#8211;<\/p>\n<ul>\n<li>M\u00e1s silencioso: El compresor y el ventilador funcionan a velocidades bajas.<\/li>\n<li>M\u00e1s confort: La temperatura se mantiene estable sin cambios bruscos.<\/li>\n<li>M\u00e1s ahorro energ\u00e9tico: Que se consigue gracias a la regulaci\u00f3n de la frecuencia de funcionamiento del compresor, alarga la vida del aparato ya que se evitan los continuos arranques.<\/li>\n<\/ul>\n<p>Nota: Los equipos inverter permiten que el compreor, en lugar de parar, baje el r\u00e9gimen de funcionamiento, evitando arranques y paradas del compresor, reduciendo as\u00ed el consumo el\u00e9ctrico y manteniendo temperatura m\u00e1s estable, con menos variaciones sobre la temperatura solicitada y a un menor nivel sonoro.<\/p>\n<\/div>\n<div class=\"divDos\">\n<p class=\"TitleOne\">Especificaciones<\/p>\n<p class=\"SubTitle\">Para mayor informaci\u00f3n descargue la ficha de producto<\/p>\n<\/div>\n<\/div>\n<\/div>\n","protected":false},"featured_media":208,"comment_status":"open","ping_status":"closed","template":"","meta":{"site-sidebar-layout":"default","site-content-layout":"default","ast-global-header-display":"","ast-main-header-display":"","ast-hfb-above-header-display":"","ast-hfb-below-header-display":"","ast-hfb-mobile-header-display":"","site-post-title":"","ast-breadcrumbs-content":"","ast-featured-img":"","footer-sml-layout":"","theme-transparent-header-meta":"default","adv-header-id-meta":"","stick-header-meta":"","header-above-stick-meta":"","header-main-stick-meta":"","header-below-stick-meta":""},"product_brand":[],"product_cat":[32,40],"product_tag":[],"class_list":{"0":"post-206","1":"product","2":"type-product","3":"status-publish","4":"has-post-thumbnail","6":"product_cat-aire-acondicionado","7":"product_cat-virus-protect-inverter","8":"desktop-align-left","9":"tablet-align-left","10":"mobile-align-left","12":"first","13":"instock","14":"shipping-taxable","15":"product-type-simple"},"_links":{"self":[{"href":"https:\/\/willclima.cl\/index.php\/wp-json\/wp\/v2\/product\/206","targetHints":{"allow":["GET"]}}],"collection":[{"href":"https:\/\/willclima.cl\/index.php\/wp-json\/wp\/v2\/product"}],"about":[{"href":"https:\/\/willclima.cl\/index.php\/wp-json\/wp\/v2\/types\/product"}],"replies":[{"embeddable":true,"href":"https:\/\/willclima.cl\/index.php\/wp-json\/wp\/v2\/comments?post=206"}],"wp:featuredmedia":[{"embeddable":true,"href":"https:\/\/willclima.cl\/index.php\/wp-json\/wp\/v2\/media\/208"}],"wp:attachment":[{"href":"https:\/\/willclima.cl\/index.php\/wp-json\/wp\/v2\/media?parent=206"}],"wp:term":[{"taxonomy":"product_brand","embeddable":true,"href":"https:\/\/willclima.cl\/index.php\/wp-json\/wp\/v2\/product_brand?post=206"},{"taxonomy":"product_cat","embeddable":true,"href":"https:\/\/willclima.cl\/index.php\/wp-json\/wp\/v2\/product_cat?post=206"},{"taxonomy":"product_tag","embeddable":true,"href":"https:\/\/willclima.cl\/index.php\/wp-json\/wp\/v2\/product_tag?post=206"}],"curies":[{"name":"wp","href":"https:\/\/api.w.org\/{rel}","templated":true}]}}