{"id":215,"date":"2022-06-14T23:53:09","date_gmt":"2022-06-14T23:53:09","guid":{"rendered":"https:\/\/willclima.cl\/?post_type=product&#038;p=215"},"modified":"2022-12-20T15:02:42","modified_gmt":"2022-12-20T15:02:42","slug":"aire-acondicionado-frio-calor-12-000-btuh-r410a-inverter-clase-a","status":"publish","type":"product","link":"https:\/\/willclima.cl\/index.php\/producto\/aire-acondicionado-frio-calor-12-000-btuh-r410a-inverter-clase-a\/","title":{"rendered":"Aire acondicionado FRIO\/CALOR 12.000 BTUH R410A INVERTER CLASE A"},"content":{"rendered":"","protected":false},"excerpt":{"rendered":"<style>\n.btnA{background-color: black; padding-top: 20px; padding-bottom: 20px; padding-left: 40px; padding-right: 40px; color: white; text-decoration: none; transition: 0.5s; margin: 50px; margin-top: 50px;}<br \/>.btnA:hover{background-color: #9D9D9D;color: black;transition: 0.5s;border: #9D9D9D 1px solid;}<\/style>\n<form action=\"https:\/\/www.anwo.cl\/files\/prd_producto\/37354\/FichaSplit_Anwo_Inverter_2021_1.pdf\"><button class=\"btnA\" type=\"submit\">Ficha de producto<\/button><\/form>\n<style>.TitleOne{Color: black; font-size: 35px;} .SubTitle{color: #565656; font-size: 18px;}<\/style>\n<div style=\"width: 500px; padding: 3px;\">\n<div class=\"divUno\">\n<p class=\"TitleOne\">Caracter\u00edsticas<\/p>\n<p class=\"SubTitle\">Caracter\u00edsticas<br \/>\n\u2022 Blue Fin: Es un recubrimiento al intercambiador de la unidad condensadora, que evita la corrosi\u00f3n, en ambientes h\u00famedos y salinos(ambientes m\u00e1s agresivos de lo normal).<\/p>\n<p class=\"SubTitle\">\u2022 Funci\u00f3n de Autodiagn\u00f3stico: Monitoreo constante de la unidad. En caso de falla, detiene y protege el sistema autom\u00e1ticamente. El c\u00f3digo de protecci\u00f3n o falla es mostrado en el visor de la unidad interior.<\/p>\n<p class=\"SubTitle\">\u2022 Reinicio autom\u00e1tico: En caso de corte de energ\u00eda el\u00e9ctrica, el equipo vuelve a operar en la \u00faltima posici\u00f3n solicitada por el usuario.<\/p>\n<\/div>\n<div class=\"divDos\">\n<p class=\"TitleOne\">Especificaciones<\/p>\n<p class=\"SubTitle\">VENTAJAS DEL SISTEMA INVERTER<br \/>\nM\u00e1s silencioso: El compresor y el ventilador funcionan a velocidades bajas.<br \/>\nM\u00e1s confort: La temperatura se mantiene estable sin cambios bruscos.<br \/>\nM\u00e1s ahorro energ\u00e9tico: Que se consigue gracias a la regulaci\u00f3n de la frecuencia de funcionamiento del compresor, alarga la vida del aparato ya que se evitan los continuos arranques<br \/>\n\u2022 Nota: Los equipos Inverter permiten que el compresor, en lugar de parar, baje el r\u00e9gimen de funcionamiento, evitando continuos arranques y paradas del compresor, reduciendo as\u00ed el consumo el\u00e9ctrico y manteniendo temperatura m\u00e1s estable, con menos variaciones sobre la temperatura solicitada y a un menor nivel sonoro<\/p>\n<form action=\"https:\/\/www.anwo.cl\/files\/prd_producto\/43450\/CatalagoAAResidencial20192020.pdf\"><button class=\"btnA\" type=\"submit\">Cat\u00e1logo de Producto<\/button><\/form>\n<form action=\"https:\/\/www.anwo.cl\/files\/prd_producto\/37354\/112233.pdf\"><button class=\"btnA\" type=\"submit\">Manual Usuario<\/button><\/form>\n<\/div>\n<\/div>\n","protected":false},"featured_media":216,"comment_status":"open","ping_status":"closed","template":"","meta":{"site-sidebar-layout":"default","site-content-layout":"default","ast-global-header-display":"","ast-main-header-display":"","ast-hfb-above-header-display":"","ast-hfb-below-header-display":"","ast-hfb-mobile-header-display":"","site-post-title":"","ast-breadcrumbs-content":"","ast-featured-img":"","footer-sml-layout":"","theme-transparent-header-meta":"default","adv-header-id-meta":"","stick-header-meta":"","header-above-stick-meta":"","header-main-stick-meta":"","header-below-stick-meta":""},"product_brand":[],"product_cat":[32,29],"product_tag":[],"class_list":{"0":"post-215","1":"product","2":"type-product","3":"status-publish","4":"has-post-thumbnail","6":"product_cat-aire-acondicionado","7":"product_cat-inverter","8":"desktop-align-left","9":"tablet-align-left","10":"mobile-align-left","12":"first","13":"instock","14":"shipping-taxable","15":"product-type-simple"},"_links":{"self":[{"href":"https:\/\/willclima.cl\/index.php\/wp-json\/wp\/v2\/product\/215","targetHints":{"allow":["GET"]}}],"collection":[{"href":"https:\/\/willclima.cl\/index.php\/wp-json\/wp\/v2\/product"}],"about":[{"href":"https:\/\/willclima.cl\/index.php\/wp-json\/wp\/v2\/types\/product"}],"replies":[{"embeddable":true,"href":"https:\/\/willclima.cl\/index.php\/wp-json\/wp\/v2\/comments?post=215"}],"wp:featuredmedia":[{"embeddable":true,"href":"https:\/\/willclima.cl\/index.php\/wp-json\/wp\/v2\/media\/216"}],"wp:attachment":[{"href":"https:\/\/willclima.cl\/index.php\/wp-json\/wp\/v2\/media?parent=215"}],"wp:term":[{"taxonomy":"product_brand","embeddable":true,"href":"https:\/\/willclima.cl\/index.php\/wp-json\/wp\/v2\/product_brand?post=215"},{"taxonomy":"product_cat","embeddable":true,"href":"https:\/\/willclima.cl\/index.php\/wp-json\/wp\/v2\/product_cat?post=215"},{"taxonomy":"product_tag","embeddable":true,"href":"https:\/\/willclima.cl\/index.php\/wp-json\/wp\/v2\/product_tag?post=215"}],"curies":[{"name":"wp","href":"https:\/\/api.w.org\/{rel}","templated":true}]}}