{"id":377,"date":"2022-06-23T14:50:48","date_gmt":"2022-06-23T14:50:48","guid":{"rendered":"https:\/\/willclima.cl\/?post_type=product&#038;p=377"},"modified":"2022-12-20T15:12:14","modified_gmt":"2022-12-20T15:12:14","slug":"aire-acondicionado-split-muro-frio-calor-12000-btuh-inverter-fresh-air","status":"publish","type":"product","link":"https:\/\/willclima.cl\/index.php\/producto\/aire-acondicionado-split-muro-frio-calor-12000-btuh-inverter-fresh-air\/","title":{"rendered":"Aire acondicionado Split Muro fr\u00edo\/calor 12000 BTUH INVERTER FRESH AIR"},"content":{"rendered":"","protected":false},"excerpt":{"rendered":"<style>\n.btnA{background-color: black; padding-top: 20px; padding-bottom: 20px; padding-left: 40px; padding-right: 40px; color: white; text-decoration: none; transition: 0.5s; margin: 50px; margin-top: 50px;}<br \/>.btnA:hover{background-color: #9D9D9D;color: black;transition: 0.5s;border: #9D9D9D 1px solid;}<\/style>\n<form action=\"https:\/\/www.anwo.cl\/files\/prd_producto\/51040\/Original%20Ficha%20Nuevo%20Split%20Muro%20Inveter%203.pdf\"><button class=\"btnA\" type=\"submit\">Ficha de producto<\/button><\/form>\n<style>.TitleOne{Color: black; font-size: 35px;} .SubTitle{color: #565656; font-size: 18px;}<\/style>\n<div style=\"width: 500px; padding: 3px;\">\n<div class=\"divUno\">\n<p class=\"TitleOne\">Caracter\u00edsticas<\/p>\n<p class=\"SubTitle\">Equipo Split Presentaci\u00f3n Muro, Capacidad de Fr\u00edo 12000 BTUH, Refrigerante R32, Bomba de Calor del Tipo INVERTER. Alimentaci\u00f3n Monof\u00e1sica 220V\/50HZ. Equipo de Alta Eficiencia, que puede operar en condici\u00f3n de Calefacci\u00f3n hasta -15\u00b0C Exterior y en etapa de Frio hasta 60\u00b0C Exterior, posee la capacidad de Tomar Aire Exterior y Extraer aire con alta concentraci\u00f3n de CO2 del recinto para una \u00f3ptima ventilaci\u00f3n (opci\u00f3n incluida en el control remoto), posee Filtro Combinado HEPA y Carb\u00f3n Activado para Toma de Aire Exterior y adem\u00e1s Incorpora Luz UVC para conseguir una mejor calidad de aire interior eliminando Virus y Bacterias.<\/p>\n<p>Incluye Accesorios de Montaje para sistema de Inyecci\u00f3n Aire Exterior y Extracci\u00f3n.<\/p>\n<\/div>\n<div class=\"divDos\">\n<p class=\"TitleOne\">Especificaciones<\/p>\n<p class=\"SubTitle\"><img decoding=\"async\" class=\"aligncenter size-medium\" src=\"https:\/\/willclima.cl\/wp-content\/uploads\/2022\/06\/image006.png\" \/><\/p>\n<\/div>\n<\/div>\n","protected":false},"featured_media":378,"comment_status":"open","ping_status":"closed","template":"","meta":{"site-sidebar-layout":"default","site-content-layout":"default","ast-global-header-display":"","ast-main-header-display":"","ast-hfb-above-header-display":"","ast-hfb-below-header-display":"","ast-hfb-mobile-header-display":"","site-post-title":"","ast-breadcrumbs-content":"","ast-featured-img":"","footer-sml-layout":"","theme-transparent-header-meta":"default","adv-header-id-meta":"","stick-header-meta":"","header-above-stick-meta":"","header-main-stick-meta":"","header-below-stick-meta":""},"product_brand":[],"product_cat":[32,35],"product_tag":[],"class_list":{"0":"post-377","1":"product","2":"type-product","3":"status-publish","4":"has-post-thumbnail","6":"product_cat-aire-acondicionado","7":"product_cat-fresh-air","8":"desktop-align-left","9":"tablet-align-left","10":"mobile-align-left","12":"first","13":"instock","14":"shipping-taxable","15":"product-type-simple"},"_links":{"self":[{"href":"https:\/\/willclima.cl\/index.php\/wp-json\/wp\/v2\/product\/377","targetHints":{"allow":["GET"]}}],"collection":[{"href":"https:\/\/willclima.cl\/index.php\/wp-json\/wp\/v2\/product"}],"about":[{"href":"https:\/\/willclima.cl\/index.php\/wp-json\/wp\/v2\/types\/product"}],"replies":[{"embeddable":true,"href":"https:\/\/willclima.cl\/index.php\/wp-json\/wp\/v2\/comments?post=377"}],"wp:featuredmedia":[{"embeddable":true,"href":"https:\/\/willclima.cl\/index.php\/wp-json\/wp\/v2\/media\/378"}],"wp:attachment":[{"href":"https:\/\/willclima.cl\/index.php\/wp-json\/wp\/v2\/media?parent=377"}],"wp:term":[{"taxonomy":"product_brand","embeddable":true,"href":"https:\/\/willclima.cl\/index.php\/wp-json\/wp\/v2\/product_brand?post=377"},{"taxonomy":"product_cat","embeddable":true,"href":"https:\/\/willclima.cl\/index.php\/wp-json\/wp\/v2\/product_cat?post=377"},{"taxonomy":"product_tag","embeddable":true,"href":"https:\/\/willclima.cl\/index.php\/wp-json\/wp\/v2\/product_tag?post=377"}],"curies":[{"name":"wp","href":"https:\/\/api.w.org\/{rel}","templated":true}]}}