{"id":382,"date":"2022-06-23T14:58:18","date_gmt":"2022-06-23T14:58:18","guid":{"rendered":"https:\/\/willclima.cl\/?post_type=product&#038;p=382"},"modified":"2022-10-19T03:23:07","modified_gmt":"2022-10-19T03:23:07","slug":"unidad-interior-tipo-multisplit-ducto-12-000-btuh-r410a","status":"publish","type":"product","link":"https:\/\/willclima.cl\/index.php\/producto\/unidad-interior-tipo-multisplit-ducto-12-000-btuh-r410a\/","title":{"rendered":"Fr\u00edo \/ Calor 36.000 BTUH ON-OFF N2"},"content":{"rendered":"","protected":false},"excerpt":{"rendered":"<style>\n.btnA{background-color: black; padding-top: 20px; padding-bottom: 20px; padding-left: 40px; padding-right: 40px; color: white; text-decoration: none; transition: 0.5s; margin: 50px; margin-top: 50px;}<br \/>\n.btnA:hover{background-color: #9D9D9D;color: black;transition: 0.5s;border: #9D9D9D 1px solid;}<\/style>\n<form action=\"https:\/\/www.anwo.cl\/files\/prd_producto\/48751\/Ficha%20Split%20Baja%20Silueta%20Anwo%20On%20Off.pdf\"><button class=\"btnA\" type=\"submit\">Ficha de producto<\/button><\/form>\n<form action=\"https:\/\/www.anwo.cl\/files\/prd_producto\/48745\/CatalagoAAComercial20192020.pdf\"><button class=\"btnA\" type=\"submit\">Cat\u00e1logo de producto<\/button><\/form>\n<style>.TitleOne{Color: black; font-size: 35px;} .SubTitle{color: #565656; font-size: 18px;}<\/style>\n<div style=\"width: 500px; padding: 3px;\">\n<div class=\"divUno\">\n<p class=\"TitleOne\">Caracter\u00edsticas<\/p>\n<p class=\"SubTitle\">La nueva l\u00ednea de equipos de ducto tipo baja silueta On-Off de Anwo, cuenta con mejoras en el dise\u00f1o de las unidades evaporadoras, consiguiendo una optimizaci\u00f3n en sus medidas en comparaci\u00f3n a la serie anterior, sus capacidades nominales comprenden un rango desde  18 a 24 KBTUH  en (220V\/50HZ)  y de 36 a 60 KBTUH en (380V\/50HZ).   <\/p>\n<p>CARACTER\u00cdSTICAS<br \/>\n\u2022 L\u00ednea Renovada en promedio 13% m\u00e1s eficiente.<br \/>\n\u2022 Unidades exteriores m\u00e1s compactas 35% menos volumen.<br \/>\n\u2022 Termostatos al\u00e1mbricos y control remoto Inal\u00e1mbrico.<br \/>\n\u2022 Incluye el kit de ca\u00f1er\u00edas de 5 metros, cable de conexi\u00f3n el\u00e9ctrica y control.<br \/>\n\u2022 Unidades exteriores m\u00e1s silenciosas, hasta 5 dB(A) menos<\/p>\n<p>Para mayor informaci\u00f3n descargue ficha de producto<\/p>\n<\/div>\n","protected":false},"featured_media":540,"comment_status":"open","ping_status":"closed","template":"","meta":{"site-sidebar-layout":"default","site-content-layout":"default","ast-global-header-display":"","ast-main-header-display":"","ast-hfb-above-header-display":"","ast-hfb-below-header-display":"","ast-hfb-mobile-header-display":"","site-post-title":"","ast-breadcrumbs-content":"","ast-featured-img":"","footer-sml-layout":"","theme-transparent-header-meta":"default","adv-header-id-meta":"","stick-header-meta":"","header-above-stick-meta":"","header-main-stick-meta":"","header-below-stick-meta":""},"product_brand":[],"product_cat":[36],"product_tag":[],"class_list":{"0":"post-382","1":"product","2":"type-product","3":"status-publish","4":"has-post-thumbnail","6":"product_cat-ducto","7":"desktop-align-left","8":"tablet-align-left","9":"mobile-align-left","11":"first","12":"instock","13":"shipping-taxable","14":"product-type-simple"},"_links":{"self":[{"href":"https:\/\/willclima.cl\/index.php\/wp-json\/wp\/v2\/product\/382","targetHints":{"allow":["GET"]}}],"collection":[{"href":"https:\/\/willclima.cl\/index.php\/wp-json\/wp\/v2\/product"}],"about":[{"href":"https:\/\/willclima.cl\/index.php\/wp-json\/wp\/v2\/types\/product"}],"replies":[{"embeddable":true,"href":"https:\/\/willclima.cl\/index.php\/wp-json\/wp\/v2\/comments?post=382"}],"wp:featuredmedia":[{"embeddable":true,"href":"https:\/\/willclima.cl\/index.php\/wp-json\/wp\/v2\/media\/540"}],"wp:attachment":[{"href":"https:\/\/willclima.cl\/index.php\/wp-json\/wp\/v2\/media?parent=382"}],"wp:term":[{"taxonomy":"product_brand","embeddable":true,"href":"https:\/\/willclima.cl\/index.php\/wp-json\/wp\/v2\/product_brand?post=382"},{"taxonomy":"product_cat","embeddable":true,"href":"https:\/\/willclima.cl\/index.php\/wp-json\/wp\/v2\/product_cat?post=382"},{"taxonomy":"product_tag","embeddable":true,"href":"https:\/\/willclima.cl\/index.php\/wp-json\/wp\/v2\/product_tag?post=382"}],"curies":[{"name":"wp","href":"https:\/\/api.w.org\/{rel}","templated":true}]}}