{"id":529,"date":"2022-08-31T15:59:26","date_gmt":"2022-08-31T15:59:26","guid":{"rendered":"https:\/\/willclima.cl\/?post_type=product&#038;p=529"},"modified":"2022-08-31T15:59:26","modified_gmt":"2022-08-31T15:59:26","slug":"frio-calor-24-000-btuh-inverter-n2","status":"publish","type":"product","link":"https:\/\/willclima.cl\/index.php\/producto\/frio-calor-24-000-btuh-inverter-n2\/","title":{"rendered":"Fr\u00edo \/ Calor 24.000 BTUH INVERTER N2"},"content":{"rendered":"","protected":false},"excerpt":{"rendered":"<style>\n.btnA{background-color: black; padding-top: 20px; padding-bottom: 20px; padding-left: 40px; padding-right: 40px; color: white; text-decoration: none; transition: 0.5s; margin: 50px; margin-top: 50px;}<br \/>\n.btnA:hover{background-color: #9D9D9D;color: black;transition: 0.5s;border: #9D9D9D 1px solid;}<\/style>\n<form action=\"https:\/\/www.anwo.cl\/files\/prd_producto\/49543\/Ficha%20Split%20Piso%20Cielo%20Anwo%20INVERTER.pdf\"><button class=\"btnA\" type=\"submit\">Ficha de producto<\/button><\/form>\n<style>.TitleOne{Color: black; font-size: 35px;} .SubTitle{color: #565656; font-size: 18px;}<\/style>\n<div style=\"width: 500px; padding: 3px;\">\n<div class=\"divUno\">\n<p class=\"TitleOne\">Caracter\u00edsticas<\/p>\n<p class=\"SubTitle\">La nueva l\u00ednea de equipos split de presentaci\u00f3n Piso Cielo Inverter de Anwo, cuentan con un dise\u00f1o renovado, m\u00e1s eficiente y compacto. Sus capacidades nominales comprenden un rango desde 18 KBTUH 220V\/50HZ hasta 60 KBTUH 380V\/50HZ.<\/p>\n<p>CARACTER\u00cdSTICAS<br \/>\n\u2022 Mejores \u00edndices de eficiencia a carga parcial<br \/>\n\u2022 Unidades exteriores m\u00e1s compactas 39% menos volumen.<br \/>\n\u2022 Termostatos al\u00e1mbricos y control remoto Inal\u00e1mbrico.<br \/>\n\u2022 Mayores distancias de ca\u00f1er\u00edas, hasta 75 mt.<br \/>\n\u2022 Incluye el kit de ca\u00f1er\u00edas de 5 metros, cable de conexi\u00f3n el\u00e9ctrica y control.<br \/>\n\u2022 Unidades exteriores m\u00e1s silenciosas, hasta 5 dB(A) menos.<\/p>\n<\/div>\n<div class=\"divDos\">\n<p class=\"TitleOne\">Especificaciones<\/p>\n<p class=\"SubTitle\">Para mayor informaci\u00f3n descargue la ficha de producto<\/p>\n<form action=\"https:\/\/www.anwo.cl\/files\/prd_producto\/49543\/CatalagoAAComercial20192020.pdf\"><button class=\"btnA\" type=\"submit\">Cat\u00e1logo de Producto<\/button><\/form>\n<\/div>\n<\/div>\n","protected":false},"featured_media":219,"comment_status":"open","ping_status":"closed","template":"","meta":{"site-sidebar-layout":"default","site-content-layout":"default","ast-global-header-display":"","ast-main-header-display":"","ast-hfb-above-header-display":"","ast-hfb-below-header-display":"","ast-hfb-mobile-header-display":"","site-post-title":"","ast-breadcrumbs-content":"","ast-featured-img":"","footer-sml-layout":"","theme-transparent-header-meta":"default","adv-header-id-meta":"","stick-header-meta":"","header-above-stick-meta":"","header-main-stick-meta":"","header-below-stick-meta":""},"product_brand":[],"product_cat":[32,30],"product_tag":[],"class_list":{"0":"post-529","1":"product","2":"type-product","3":"status-publish","4":"has-post-thumbnail","6":"product_cat-aire-acondicionado","7":"product_cat-split-piso-cielo","8":"desktop-align-left","9":"tablet-align-left","10":"mobile-align-left","12":"first","13":"instock","14":"shipping-taxable","15":"product-type-simple"},"_links":{"self":[{"href":"https:\/\/willclima.cl\/index.php\/wp-json\/wp\/v2\/product\/529","targetHints":{"allow":["GET"]}}],"collection":[{"href":"https:\/\/willclima.cl\/index.php\/wp-json\/wp\/v2\/product"}],"about":[{"href":"https:\/\/willclima.cl\/index.php\/wp-json\/wp\/v2\/types\/product"}],"replies":[{"embeddable":true,"href":"https:\/\/willclima.cl\/index.php\/wp-json\/wp\/v2\/comments?post=529"}],"wp:featuredmedia":[{"embeddable":true,"href":"https:\/\/willclima.cl\/index.php\/wp-json\/wp\/v2\/media\/219"}],"wp:attachment":[{"href":"https:\/\/willclima.cl\/index.php\/wp-json\/wp\/v2\/media?parent=529"}],"wp:term":[{"taxonomy":"product_brand","embeddable":true,"href":"https:\/\/willclima.cl\/index.php\/wp-json\/wp\/v2\/product_brand?post=529"},{"taxonomy":"product_cat","embeddable":true,"href":"https:\/\/willclima.cl\/index.php\/wp-json\/wp\/v2\/product_cat?post=529"},{"taxonomy":"product_tag","embeddable":true,"href":"https:\/\/willclima.cl\/index.php\/wp-json\/wp\/v2\/product_tag?post=529"}],"curies":[{"name":"wp","href":"https:\/\/api.w.org\/{rel}","templated":true}]}}