{"id":586,"date":"2022-10-19T03:40:59","date_gmt":"2022-10-19T03:40:59","guid":{"rendered":"https:\/\/willclima.cl\/?post_type=product&#038;p=586"},"modified":"2022-10-19T03:44:45","modified_gmt":"2022-10-19T03:44:45","slug":"aire-acondicionado-cassette-8-vias-frio-calor-36-000-btuh-on-off-n2","status":"publish","type":"product","link":"https:\/\/willclima.cl\/index.php\/producto\/aire-acondicionado-cassette-8-vias-frio-calor-36-000-btuh-on-off-n2\/","title":{"rendered":"AIRE ACONDICIONADO CASSETTE 8 VIAS FRIO\/CALOR 36.000 BTUH ON-OFF N2"},"content":{"rendered":"","protected":false},"excerpt":{"rendered":"<style>\n.btnA{background-color: black; padding-top: 20px; padding-bottom: 20px; padding-left: 40px; padding-right: 40px; color: white; text-decoration: none; transition: 0.5s; margin: 50px; margin-top: 50px;}<br \/>\n.btnA:hover{background-color: #9D9D9D;color: black;transition: 0.5s;border: #9D9D9D 1px solid;}<\/style>\n<\/form>\n<style>.TitleOne{Color: black; font-size: 35px;} .SubTitle{color: #565656; font-size: 18px;}<\/style>\n<div style=\"width: 500px; padding: 3px;\">\n<div class=\"divUno\">\n<p class=\"TitleOne\">Caracter\u00edsticas<\/p>\n<p class=\"SubTitle\">La nueva l\u00ednea de equipos de presentaci\u00f3n Cassette On-Off Anwo cuenta con un nuevo dise\u00f1o en los paneles, ahora con sus 8 v\u00edas de inyecci\u00f3n de aire se logra una mejor distribuci\u00f3n del aire acondicionado, obteniendo una temperatura m\u00e1s homog\u00e9nea en el recinto.<br \/>\nSus capacidades nominales comprenden un rango desde  24 KBTUH (220V\/50HZ)  hasta 60 (KBTUH 380V\/50HZ).   <\/p>\n<p>CARACTER\u00cdSTICAS<br \/>\n\u2022 L\u00ednea renovada en promedio 8% m\u00e1s eficiente.<br \/>\n\u2022 Unidades exteriores m\u00e1s compactas 35% menos volumen.<br \/>\n\u2022 Termostatos al\u00e1mbricos y control remoto Inal\u00e1mbrico.<br \/>\n\u2022 Incluye el kit de ca\u00f1er\u00edas de 5 metros, cable de conexi\u00f3n el\u00e9ctrica y control.<br \/>\n\u2022 Unidades exteriores m\u00e1s silenciosas, hasta 5 dB(A) menos<br \/>\n\u2022 Panel de 8 v\u00edas de inyecci\u00f3n de aire<\/p>\n<p>Para mayor informaci\u00f3n descargue ficha de producto.\n<\/p>\n<\/div>\n<form action=\"https:\/\/www.anwo.cl\/files\/prd_producto\/48723\/Ficha%20Split%20Cassette%20Anwo%20On%20Off.pdf\"><button class=\"btnA\" type=\"submit\">Ficha de Producto<\/button><\/form>\n<form action=\"https:\/\/www.anwo.cl\/files\/prd_producto\/48723\/CatalagoAAComercial20192020.pdf\"><button class=\"btnA\" type=\"submit\">Cat\u00e1logo de Producto<\/button><\/form>\n<p class=\"TitleOne\">Especificaciones<\/p>\n<p class=\"SubTitle\">Para mayor informaci\u00f3n descargue ficha de producto<\/p>\n","protected":false},"featured_media":589,"comment_status":"open","ping_status":"closed","template":"","meta":{"site-sidebar-layout":"default","site-content-layout":"default","ast-global-header-display":"","ast-main-header-display":"","ast-hfb-above-header-display":"","ast-hfb-below-header-display":"","ast-hfb-mobile-header-display":"","site-post-title":"","ast-breadcrumbs-content":"","ast-featured-img":"","footer-sml-layout":"","theme-transparent-header-meta":"default","adv-header-id-meta":"","stick-header-meta":"","header-above-stick-meta":"","header-main-stick-meta":"","header-below-stick-meta":""},"product_brand":[],"product_cat":[32,41],"product_tag":[],"class_list":{"0":"post-586","1":"product","2":"type-product","3":"status-publish","4":"has-post-thumbnail","6":"product_cat-aire-acondicionado","7":"product_cat-cassete-on-off","8":"desktop-align-left","9":"tablet-align-left","10":"mobile-align-left","12":"first","13":"instock","14":"shipping-taxable","15":"product-type-simple"},"_links":{"self":[{"href":"https:\/\/willclima.cl\/index.php\/wp-json\/wp\/v2\/product\/586","targetHints":{"allow":["GET"]}}],"collection":[{"href":"https:\/\/willclima.cl\/index.php\/wp-json\/wp\/v2\/product"}],"about":[{"href":"https:\/\/willclima.cl\/index.php\/wp-json\/wp\/v2\/types\/product"}],"replies":[{"embeddable":true,"href":"https:\/\/willclima.cl\/index.php\/wp-json\/wp\/v2\/comments?post=586"}],"wp:featuredmedia":[{"embeddable":true,"href":"https:\/\/willclima.cl\/index.php\/wp-json\/wp\/v2\/media\/589"}],"wp:attachment":[{"href":"https:\/\/willclima.cl\/index.php\/wp-json\/wp\/v2\/media?parent=586"}],"wp:term":[{"taxonomy":"product_brand","embeddable":true,"href":"https:\/\/willclima.cl\/index.php\/wp-json\/wp\/v2\/product_brand?post=586"},{"taxonomy":"product_cat","embeddable":true,"href":"https:\/\/willclima.cl\/index.php\/wp-json\/wp\/v2\/product_cat?post=586"},{"taxonomy":"product_tag","embeddable":true,"href":"https:\/\/willclima.cl\/index.php\/wp-json\/wp\/v2\/product_tag?post=586"}],"curies":[{"name":"wp","href":"https:\/\/api.w.org\/{rel}","templated":true}]}}